{"id":11374,"date":"2021-01-10T23:10:23","date_gmt":"2021-01-10T23:10:23","guid":{"rendered":"http:\/\/mueblesfranceska.com.ve\/?page_id=11374"},"modified":"2021-02-14T19:38:38","modified_gmt":"2021-02-14T19:38:38","slug":"tiendas","status":"publish","type":"page","link":"http:\/\/mueblesfranceska.com.ve\/?page_id=11374","title":{"rendered":"Tiendas"},"content":{"rendered":"<p>[vc_row content_width=\u00bbgrid\u00bb header_style=\u00bbeltd-dark-header\u00bb content_aligment=\u00bbcenter\u00bb center_bck_image=\u00bbno\u00bb css=\u00bb.vc_custom_1613081189152{margin-top: 0px !important;margin-right: 0px !important;margin-bottom: 0px !important;margin-left: 0px !important;border-right-width: 0px !important;border-bottom-width: 0px !important;border-left-width: 0px !important;padding-top: 80px !important;padding-right: 0px !important;padding-bottom: 80px !important;padding-left: 0px !important;background-color: #959595 !important;}\u00bb][vc_column width=\u00bb1\/2&#8243;][vc_column_text]<\/p>\n<h3 style=\"color: white; text-align: left;\">Sucursales<\/h3>\n<p>[\/vc_column_text]<div class=\"eltd-separator-holder clearfix  eltd-separator-left\">\n\t<div class=\"eltd-separator\" style=\"border-color: #f29f25;width: 200px;border-bottom-width: 4px\"><\/div>\n<\/div>\n[vc_column_text]<\/p>\n<h4 style=\"text-align: left; color: #363636; margin-bottom: 0px;\"><strong>C.C Distihogar<\/strong><\/h4>\n<p style=\"text-align: left;\">Carretera Panamericana Km. 19, Nivel 1<br \/>\nTel: (0212) 383.76.30<br \/>\nLunes a Domingo \u20289:00am a 5:00pm<\/p>\n<hr style=\"border-color: #ccc; width: 100%; margin-bottom: 0px;\" \/>\n<h4 style=\"text-align: left; color: #363636; margin-bottom: 0px;\"><strong>C.C Casa Mia<\/strong><\/h4>\n<p style=\"text-align: left;\">Carretera Panamericana Km. 21<br \/>\nTel: (0212) 383.10.26 \/ 383.38.15<br \/>\nLunes a S\u00e1bado\u2028 9:00am a 5:00pm<\/p>\n<hr style=\"border-color: #ccc; width: 100%; margin-bottom: 0px;\" \/>\n<h4 style=\"text-align: left; color: #363636; margin-bottom: 0px;\"><strong>C.C Awak Center<\/strong><\/h4>\n<p style=\"text-align: left;\">Calle Comercio Bella Vista &#8211; La Yaguara<br \/>\nTel: (0212) 472.01.47<br \/>\nMartes a Domingo\u2028 9:00am a 5:00pm<\/p>\n<hr style=\"border-color: #ccc; width: 100%; margin-bottom: 0px;\" \/>\n<h4 style=\"text-align: left; color: #363636; margin-bottom: 0px;\"><strong>C.C Da Vinci<\/strong><\/h4>\n<p style=\"text-align: left;\">Calle Comercio Bella Vista &#8211; La Yaguara, Piso 1<br \/>\nTel: (0212) 471.72.34<br \/>\nLunes a Domingo \u20289:00am a 5:00pm<\/p>\n<hr style=\"border-color: #ccc; width: 100%; margin-bottom: 0px;\" \/>\n<h4 style=\"text-align: left; color: #363636; margin-bottom: 0px;\"><strong>C.C Santa F\u00e9<\/strong><\/h4>\n<p style=\"text-align: left;\">Final Av. Jos\u00e9 Mar\u00eda Vargas. C.C. Santa F\u00e9. Nivel C-3<br \/>\nTel: (0416) 833.80.69<br \/>\nLunes a S\u00e1bado\u2028 11:00am a 6:00pm<\/p>\n<hr style=\"border-color: #ccc; width: 100%; margin-bottom: 0px;\" \/>\n<h4 style=\"text-align: left; color: #363636; margin-bottom: 10px;\"><strong>F\u00e1brica<\/strong><\/h4>\n<p style=\"text-align: left;\">Km. 9 Carretera El Junquito (Frente a Banesco)<br \/>\nTel: (0212) 422.07.32 \/ 422.00.33 \/ 422.40.96 \/ 422.23.40<\/p>\n<p>[\/vc_column_text][\/vc_column][vc_column width=\u00bb1\/2&#8243;]<div class=\"eltd-separator-holder clearfix  eltd-separator-center\">\n\t<div class=\"eltd-separator\" style=\"border-bottom-width: 30px\"><\/div>\n<\/div>\n[vc_single_image image=\u00bb11466&#8243; img_size=\u00bbfull\u00bb alignment=\u00bbcenter\u00bb][\/vc_column][\/vc_row][vc_row center_bck_image=\u00bbno\u00bb][vc_column][vc_raw_html]JTNDZGl2JTIwc3R5bGUlM0QlMjJ3aWR0aCUzQSUyMDEwMCUyNSUyMiUzRSUzQ2lmcmFtZSUyMHNyYyUzRCUyMmh0dHBzJTNBJTJGJTJGd3d3Lmdvb2dsZS5jb20lMkZtYXBzJTJGZCUyRmVtYmVkJTNGbWlkJTNEMURxbV94WHFFa0Q4RHdyQlVzTWpUdHhoNlJGVW5IUmZ5JTIyJTIwd2lkdGglM0QlMjIxMDAlMjUlMjIlMjBoZWlnaHQlM0QlMjI0ODAlMjIlM0UlM0MlMkZpZnJhbWUlM0UlM0MlMkZkaXYlM0U=[\/vc_raw_html][\/vc_column][\/vc_row]<\/p>\n","protected":false},"excerpt":{"rendered":"<p>[vc_row content_width=\u00bbgrid\u00bb header_style=\u00bbeltd-dark-header\u00bb content_aligment=\u00bbcenter\u00bb center_bck_image=\u00bbno\u00bb css=\u00bb.vc_custom_1613081189152{margin-top: 0px !important;margin-right: 0px !important;margin-bottom: 0px !important;margin-left: 0px !important;border-right-width: 0px !important;border-bottom-width: 0px !important;border-left-width: 0px !important;padding-top: 80px !important;padding-right: 0px !important;padding-bottom: 80px !important;padding-left: 0px !important;background-color: #959595 !important;}\u00bb][vc_column width=\u00bb1\/2&#8243;][vc_column_text] Sucursales [\/vc_column_text][vc_column_text] C.C Distihogar Carretera Panamericana Km. 19, Nivel 1 Tel: (0212) 383.76.30 Lunes&#8230;<\/p>\n","protected":false},"author":1,"featured_media":0,"parent":0,"menu_order":0,"comment_status":"closed","ping_status":"closed","template":"full-width.php","meta":[],"_links":{"self":[{"href":"http:\/\/mueblesfranceska.com.ve\/index.php?rest_route=\/wp\/v2\/pages\/11374"}],"collection":[{"href":"http:\/\/mueblesfranceska.com.ve\/index.php?rest_route=\/wp\/v2\/pages"}],"about":[{"href":"http:\/\/mueblesfranceska.com.ve\/index.php?rest_route=\/wp\/v2\/types\/page"}],"author":[{"embeddable":true,"href":"http:\/\/mueblesfranceska.com.ve\/index.php?rest_route=\/wp\/v2\/users\/1"}],"replies":[{"embeddable":true,"href":"http:\/\/mueblesfranceska.com.ve\/index.php?rest_route=%2Fwp%2Fv2%2Fcomments&post=11374"}],"version-history":[{"count":44,"href":"http:\/\/mueblesfranceska.com.ve\/index.php?rest_route=\/wp\/v2\/pages\/11374\/revisions"}],"predecessor-version":[{"id":11565,"href":"http:\/\/mueblesfranceska.com.ve\/index.php?rest_route=\/wp\/v2\/pages\/11374\/revisions\/11565"}],"wp:attachment":[{"href":"http:\/\/mueblesfranceska.com.ve\/index.php?rest_route=%2Fwp%2Fv2%2Fmedia&parent=11374"}],"curies":[{"name":"wp","href":"https:\/\/api.w.org\/{rel}","templated":true}]}}