{"id":9219,"date":"2016-11-10T14:16:35","date_gmt":"2016-11-10T14:16:35","guid":{"rendered":"http:\/\/creator.elated-themes.com\/?page_id=9219"},"modified":"2021-02-17T16:15:40","modified_gmt":"2021-02-17T16:15:40","slug":"about-me","status":"publish","type":"page","link":"http:\/\/mueblesfranceska.com.ve\/?page_id=9219","title":{"rendered":"Nosotros"},"content":{"rendered":"<p>[vc_row content_width=\u00bbgrid\u00bb content_aligment=\u00bbcenter\u00bb center_bck_image=\u00bbno\u00bb css=\u00bb.vc_custom_1608073521416{padding-top: 110px !important;padding-bottom: 80px !important;background-color: #959595 !important;}\u00bb][vc_column offset=\u00bbvc_col-lg-5 vc_col-md-12&#8243;][vc_empty_space height=\u00bb30px\u00bb][vc_column_text]<\/p>\n<h3 style=\"text-align: center; color: white;\">Sobre Nosotros<\/h3>\n<p>[\/vc_column_text]<div class=\"eltd-separator-holder clearfix  eltd-separator-center\">\n\t<div class=\"eltd-separator\" style=\"border-color: #f29f25;width: 200px;border-bottom-width: 4px\"><\/div>\n<\/div>\n[vc_column_text]<\/p>\n<p style=\"margin-bottom: 30px; text-align: center; color: #363636; font-size: 18px;\"><em>Somos una empresa que nos destacamos por la fabricaci\u00f3n de una amplia variedad de muebles y accesorios para el hogar.<\/em><\/p>\n<p style=\"text-align: center;\">Nos esforzamos en dise\u00f1ar las diferentes opciones para embellecer, redecorar y hacer de su hogar el m\u00e1s acogedor y c\u00f3modo.<\/p>\n<p style=\"text-align: center;\">Nuestros dise\u00f1os est\u00e1n realizados con la materia prima de la mejor calidad, y utilizamos la m\u00e1s avanzada tecnolog\u00eda lo cual nos permite mantener en nuestros muebles los niveles de confort, funcionalidad y calidad que nos distinguen.<\/p>\n<p>[\/vc_column_text][\/vc_column][vc_column offset=\u00bbvc_col-lg-7 vc_col-md-12&#8243; css=\u00bb.vc_custom_1478788723799{padding-right: 5% !important;padding-left: 5% !important;}\u00bb][vc_empty_space height=\u00bb30px\u00bb][vc_single_image image=\u00bb10965&#8243; img_size=\u00bbfull\u00bb][\/vc_column][\/vc_row][vc_row row_type=\u00bbparallax\u00bb content_width=\u00bbgrid\u00bb full_screen_section_height=\u00bbno\u00bb parallax_background_image=\u00bb11588&#8243; center_bck_image=\u00bbno\u00bb css=\u00bb.vc_custom_1613578537294{padding-top: 110px !important;padding-bottom: 80px !important;}\u00bb][vc_column width=\u00bb1\/2&#8243; offset=\u00bbvc_col-lg-3 vc_col-md-6&#8243;]<div class=\"eltd-info-box-holder eltd-detailed eltd-interactive eltd-info-box-background-overlay\" data-overlay-type=\"background_overlay\" >\n\t<div class=\"eltd-info-box-inner\">\n\t\t<div class=\"eltd-ib-front-holder\">\n\t\t\t<div class=\"eltd-ib-front-holder-inner\">\n\t\t\t\t<div class=\"eltd-ib-top-holder\">\n\t\t\t\t\t\t\t\t\t\t\t<div class=\"eltd-ib-icon-holder\">\n\t\t\t\t\t\t\t<span aria-hidden=\"true\" class=\"eltd-icon-font-elegant icon_pin_alt \" style=\"color: #f99d1c\" ><\/span>\t\t\t\t\t\t<\/div>\n\t\t\t\t\t\n\t\t\t\t\t\t\t\t\t\t\t<div class=\"eltd-ib-title-holder\">\n\t\t\t\t\t\t\t<h5 class=\"eltd-ib-title\">\n\t\t\t\t\t\t\t\tFabricamos\t\t\t\t\t\t\t<\/h5>\n\t\t\t\t\t\t<\/div>\n\t\t\t\t\t\t\t\t\t<\/div>\n\n\t\t\t\t<div class=\"eltd-ib-bottom-holder\">\n\t\t\t\t\t\t\t\t\t\t\t<div class=\"eltd-ib-text-holder\">\n\t\t\t\t\t\t\t<p>Nos esmeramos en la elaboraci\u00f3n de nuestros productos y creamos muebles que inspiran<\/p>\n\t\t\t\t\t\t<\/div>\n\t\t\t\t\t\t\t\t\t<\/div>\n\t\t\t<\/div>\n\n\t\t<\/div>\n\n\t\t\n\t\t<div class=\"eltd-ib-overlay\" ><\/div>\n\n\t\t\n\t<\/div>\n<\/div>[vc_empty_space height=\u00bb30px\u00bb][\/vc_column][vc_column width=\u00bb1\/2&#8243; offset=\u00bbvc_col-lg-3 vc_col-md-6&#8243;]<div class=\"eltd-info-box-holder eltd-detailed eltd-interactive eltd-info-box-background-overlay\" data-overlay-type=\"background_overlay\" >\n\t<div class=\"eltd-info-box-inner\">\n\t\t<div class=\"eltd-ib-front-holder\">\n\t\t\t<div class=\"eltd-ib-front-holder-inner\">\n\t\t\t\t<div class=\"eltd-ib-top-holder\">\n\t\t\t\t\t\t\t\t\t\t\t<div class=\"eltd-ib-icon-holder\">\n\t\t\t\t\t\t\t<span aria-hidden=\"true\" class=\"eltd-icon-font-elegant icon_lightbulb_alt \" style=\"color: #f99d1c\" ><\/span>\t\t\t\t\t\t<\/div>\n\t\t\t\t\t\n\t\t\t\t\t\t\t\t\t\t\t<div class=\"eltd-ib-title-holder\">\n\t\t\t\t\t\t\t<h5 class=\"eltd-ib-title\">\n\t\t\t\t\t\t\t\tIdeas\t\t\t\t\t\t\t<\/h5>\n\t\t\t\t\t\t<\/div>\n\t\t\t\t\t\t\t\t\t<\/div>\n\n\t\t\t\t<div class=\"eltd-ib-bottom-holder\">\n\t\t\t\t\t\t\t\t\t\t\t<div class=\"eltd-ib-text-holder\">\n\t\t\t\t\t\t\t<p>Nuestra gama de productos le ofrece productos pr\u00e1cticos y funcionales con personalidad para su hogar<\/p>\n\t\t\t\t\t\t<\/div>\n\t\t\t\t\t\t\t\t\t<\/div>\n\t\t\t<\/div>\n\n\t\t<\/div>\n\n\t\t\n\t\t<div class=\"eltd-ib-overlay\" ><\/div>\n\n\t\t\n\t<\/div>\n<\/div>[vc_empty_space height=\u00bb30px\u00bb][\/vc_column][vc_column width=\u00bb1\/2&#8243; offset=\u00bbvc_col-lg-3 vc_col-md-6&#8243;]<div class=\"eltd-info-box-holder eltd-detailed eltd-interactive eltd-info-box-background-overlay\" data-overlay-type=\"background_overlay\" >\n\t<div class=\"eltd-info-box-inner\">\n\t\t<div class=\"eltd-ib-front-holder\">\n\t\t\t<div class=\"eltd-ib-front-holder-inner\">\n\t\t\t\t<div class=\"eltd-ib-top-holder\">\n\t\t\t\t\t\t\t\t\t\t\t<div class=\"eltd-ib-icon-holder\">\n\t\t\t\t\t\t\t<span aria-hidden=\"true\" class=\"eltd-icon-font-elegant icon_pencil \" style=\"color: #f99d1c\" ><\/span>\t\t\t\t\t\t<\/div>\n\t\t\t\t\t\n\t\t\t\t\t\t\t\t\t\t\t<div class=\"eltd-ib-title-holder\">\n\t\t\t\t\t\t\t<h5 class=\"eltd-ib-title\">\n\t\t\t\t\t\t\t\tDise\u00f1o\t\t\t\t\t\t\t<\/h5>\n\t\t\t\t\t\t<\/div>\n\t\t\t\t\t\t\t\t\t<\/div>\n\n\t\t\t\t<div class=\"eltd-ib-bottom-holder\">\n\t\t\t\t\t\t\t\t\t\t\t<div class=\"eltd-ib-text-holder\">\n\t\t\t\t\t\t\t<p>Dise\u00f1amos muebles conforme a su gusto y preferencia, con comodidad y estilo<\/p>\n\t\t\t\t\t\t<\/div>\n\t\t\t\t\t\t\t\t\t<\/div>\n\t\t\t<\/div>\n\n\t\t<\/div>\n\n\t\t\n\t\t<div class=\"eltd-ib-overlay\" ><\/div>\n\n\t\t\n\t<\/div>\n<\/div>[vc_empty_space height=\u00bb30px\u00bb][\/vc_column][vc_column width=\u00bb1\/2&#8243; offset=\u00bbvc_col-lg-3 vc_col-md-6&#8243;]<div class=\"eltd-info-box-holder eltd-detailed eltd-interactive eltd-info-box-background-overlay\" data-overlay-type=\"background_overlay\" >\n\t<div class=\"eltd-info-box-inner\">\n\t\t<div class=\"eltd-ib-front-holder\">\n\t\t\t<div class=\"eltd-ib-front-holder-inner\">\n\t\t\t\t<div class=\"eltd-ib-top-holder\">\n\t\t\t\t\t\t\t\t\t\t\t<div class=\"eltd-ib-icon-holder\">\n\t\t\t\t\t\t\t<span aria-hidden=\"true\" class=\"eltd-icon-font-elegant icon_briefcase_alt \" style=\"color: #f99d1c\" ><\/span>\t\t\t\t\t\t<\/div>\n\t\t\t\t\t\n\t\t\t\t\t\t\t\t\t\t\t<div class=\"eltd-ib-title-holder\">\n\t\t\t\t\t\t\t<h5 class=\"eltd-ib-title\">\n\t\t\t\t\t\t\t\tmateriales\t\t\t\t\t\t\t<\/h5>\n\t\t\t\t\t\t<\/div>\n\t\t\t\t\t\t\t\t\t<\/div>\n\n\t\t\t\t<div class=\"eltd-ib-bottom-holder\">\n\t\t\t\t\t\t\t\t\t\t\t<div class=\"eltd-ib-text-holder\">\n\t\t\t\t\t\t\t<p>Nos distinguimos por el uso de materiales de alta calidad que son parte de un trabajo hecho con pasi\u00f3n<\/p>\n\t\t\t\t\t\t<\/div>\n\t\t\t\t\t\t\t\t\t<\/div>\n\t\t\t<\/div>\n\n\t\t<\/div>\n\n\t\t\n\t\t<div class=\"eltd-ib-overlay\" ><\/div>\n\n\t\t\n\t<\/div>\n<\/div>[vc_empty_space height=\u00bb30px\u00bb][\/vc_column][\/vc_row][vc_row content_width=\u00bbgrid\u00bb center_bck_image=\u00bbno\u00bb css=\u00bb.vc_custom_1478685444253{padding-top: 105px !important;padding-bottom: 66px !important;}\u00bb][vc_column offset=\u00bbvc_col-lg-offset-1 vc_col-lg-10 vc_col-md-offset-0 vc_col-md-12&#8243; css=\u00bb.vc_custom_1608074553709{padding-right: 10% !important;padding-left: 10% !important;}\u00bb][vc_column_text]<\/p>\n<h3 style=\"text-align: center;\">MISI\u00d3N<\/h3>\n<p>[\/vc_column_text][vc_column_text]<\/p>\n<p style=\"color: #666666; text-align: center;\">Nuestra misi\u00f3n es fabricar, comercializar y distribuir una amplia variedad de muebles y accesorios para el hogar y oficinas que cumplan con altos niveles de calidad y confort, para ello se utiliza en el proceso de fabricaci\u00f3n tecnolog\u00eda y materia prima de alta calidad, procurando siempre que nuestras actividades respeten el medio ambiente y de esta manera satisfacer a nuestros clientes y superar sus expectativas.<\/p>\n<p style=\"color: #666666; text-align: center;\">Estar en constante innovaci\u00f3n y brindar un servicio que nos diferencia de la competencia con el fin de ofrecer exclusividad y confianza a nuestros clientes y de esta manera estar a la vanguardia del mercado venezolano.<\/p>\n<p>[\/vc_column_text][vc_empty_space height=\u00bb35px\u00bb][vc_column_text]<\/p>\n<h3 style=\"text-align: center;\">VISI\u00d3N<\/h3>\n<p>[\/vc_column_text][vc_column_text]<\/p>\n<p style=\"color: #666666; text-align: center;\">Nuestra visi\u00f3n es lograr consolidarnos como la Empresa l\u00edder a nivel nacional en la producci\u00f3n, comercializaci\u00f3n y distribuci\u00f3n de muebles y accesorios, ser reconocida por brindar un buen servicio y productos de alt\u00edsima calidad y consolidarnos como una marca de excelencia en Venezuela.<\/p>\n<p>[\/vc_column_text][\/vc_column][\/vc_row][vc_row content_width=\u00bbgrid\u00bb center_bck_image=\u00bbno\u00bb css=\u00bb.vc_custom_1478689746206{padding-bottom: 50px !important;}\u00bb][vc_column][\/vc_column][\/vc_row]<\/p>\n","protected":false},"excerpt":{"rendered":"<p>[vc_row content_width=\u00bbgrid\u00bb content_aligment=\u00bbcenter\u00bb center_bck_image=\u00bbno\u00bb css=\u00bb.vc_custom_1608073521416{padding-top: 110px !important;padding-bottom: 80px !important;background-color: #959595 !important;}\u00bb][vc_column offset=\u00bbvc_col-lg-5 vc_col-md-12&#8243;][vc_empty_space height=\u00bb30px\u00bb][vc_column_text] Sobre Nosotros [\/vc_column_text][vc_column_text] Somos una empresa que nos destacamos por la fabricaci\u00f3n de una amplia variedad de muebles y accesorios para el hogar. Nos esforzamos en dise\u00f1ar las diferentes opciones para&#8230;<\/p>\n","protected":false},"author":1,"featured_media":0,"parent":0,"menu_order":0,"comment_status":"closed","ping_status":"closed","template":"full-width.php","meta":[],"_links":{"self":[{"href":"http:\/\/mueblesfranceska.com.ve\/index.php?rest_route=\/wp\/v2\/pages\/9219"}],"collection":[{"href":"http:\/\/mueblesfranceska.com.ve\/index.php?rest_route=\/wp\/v2\/pages"}],"about":[{"href":"http:\/\/mueblesfranceska.com.ve\/index.php?rest_route=\/wp\/v2\/types\/page"}],"author":[{"embeddable":true,"href":"http:\/\/mueblesfranceska.com.ve\/index.php?rest_route=\/wp\/v2\/users\/1"}],"replies":[{"embeddable":true,"href":"http:\/\/mueblesfranceska.com.ve\/index.php?rest_route=%2Fwp%2Fv2%2Fcomments&post=9219"}],"version-history":[{"count":36,"href":"http:\/\/mueblesfranceska.com.ve\/index.php?rest_route=\/wp\/v2\/pages\/9219\/revisions"}],"predecessor-version":[{"id":11589,"href":"http:\/\/mueblesfranceska.com.ve\/index.php?rest_route=\/wp\/v2\/pages\/9219\/revisions\/11589"}],"wp:attachment":[{"href":"http:\/\/mueblesfranceska.com.ve\/index.php?rest_route=%2Fwp%2Fv2%2Fmedia&parent=9219"}],"curies":[{"name":"wp","href":"https:\/\/api.w.org\/{rel}","templated":true}]}}